{"id":17641,"date":"2024-06-11T18:36:53","date_gmt":"2024-06-11T18:36:53","guid":{"rendered":"http:\/\/mitilias.com\/?page_id=17641"},"modified":"2024-06-13T12:55:30","modified_gmt":"2024-06-13T12:55:30","slug":"paraffin-wax","status":"publish","type":"page","link":"https:\/\/mitilias.com\/fr\/paraffin-wax\/","title":{"rendered":"Cire de paraffine"},"content":{"rendered":"<div data-elementor-type=\"wp-page\" data-elementor-id=\"17641\" class=\"elementor elementor-17641\">\n\t\t\t\t\t\t<section class=\"elementor-section elementor-top-section elementor-element elementor-element-c2a57c4 elementor-section-full_width qodef-elementor-content-grid elementor-section-height-default elementor-section-height-default\" data-id=\"c2a57c4\" data-element_type=\"section\" data-e-type=\"section\">\n\t\t\t\t\t\t<div class=\"elementor-container elementor-column-gap-no\">\n\t\t\t\t\t<div class=\"elementor-column elementor-col-100 elementor-top-column elementor-element elementor-element-51c46f8\" data-id=\"51c46f8\" data-element_type=\"column\" data-e-type=\"column\">\n\t\t\t<div class=\"elementor-widget-wrap elementor-element-populated\">\n\t\t\t\t\t\t<div class=\"elementor-element elementor-element-2e3e4b7 elementor-widget-mobile__width-inherit elementor-widget elementor-widget-reina_core_section_title\" data-id=\"2e3e4b7\" data-element_type=\"widget\" data-e-type=\"widget\" data-widget_type=\"reina_core_section_title.default\">\n\t\t\t\t<div class=\"elementor-widget-container\">\n\t\t\t\t\t<div class=\"qodef-shortcode qodef-m  qodef-section-title\">\n\t<div class=\"qodef-m-heading\">\n\t\t\t\t\t<h2 class=\"qodef-m-title\" >\n\t\t\t\t\tCire de paraffine\t\t\t<\/h2>\n\t<\/div>\n\t\t<p class=\"qodef-m-text\" style=\"margin-top: 17px\">La paraffine est une cire molle, incolore ou blanche, fabriqu\u00e9e \u00e0 partir d'hydrocarbures satur\u00e9s. Elle est d\u00e9riv\u00e9e du p\u00e9trole par un processus appel\u00e9 raffinage, au cours duquel le p\u00e9trole brut est s\u00e9par\u00e9 en divers composants.<\/p>\n\t<\/div>\t\t\t\t<\/div>\n\t\t\t\t<\/div>\n\t\t\t\t\t<\/div>\n\t\t<\/div>\n\t\t\t\t\t<\/div>\n\t\t<\/section>\n\t\t\t\t<section class=\"elementor-section elementor-top-section elementor-element elementor-element-8075a90 qodef-elementor-content-grid elementor-section-boxed elementor-section-height-default elementor-section-height-default\" data-id=\"8075a90\" data-element_type=\"section\" data-e-type=\"section\" data-settings=\"{&quot;background_background&quot;:&quot;classic&quot;}\">\n\t\t\t\t\t\t<div class=\"elementor-container elementor-column-gap-default\">\n\t\t\t\t\t<div class=\"elementor-column elementor-col-100 elementor-top-column elementor-element elementor-element-b84932b\" data-id=\"b84932b\" data-element_type=\"column\" data-e-type=\"column\">\n\t\t\t<div class=\"elementor-widget-wrap elementor-element-populated\">\n\t\t\t\t\t\t<section class=\"elementor-section elementor-inner-section elementor-element elementor-element-30f3e23 elementor-section-boxed elementor-section-height-default elementor-section-height-default qodef-elementor-content-no\" data-id=\"30f3e23\" data-element_type=\"section\" data-e-type=\"section\" data-settings=\"{&quot;background_background&quot;:&quot;classic&quot;}\">\n\t\t\t\t\t\t<div class=\"elementor-container elementor-column-gap-default\">\n\t\t\t\t\t<div class=\"elementor-column elementor-col-50 elementor-inner-column elementor-element elementor-element-8e78bc1\" data-id=\"8e78bc1\" data-element_type=\"column\" data-e-type=\"column\">\n\t\t\t<div class=\"elementor-widget-wrap elementor-element-populated\">\n\t\t\t\t\t\t<div class=\"elementor-element elementor-element-42d7c90 elementor-widget elementor-widget-reina_core_section_title\" data-id=\"42d7c90\" data-element_type=\"widget\" data-e-type=\"widget\" data-widget_type=\"reina_core_section_title.default\">\n\t\t\t\t<div class=\"elementor-widget-container\">\n\t\t\t\t\t<div class=\"qodef-shortcode qodef-m  qodef-section-title\">\n\t<div class=\"qodef-m-heading\">\n\t\t\t\t\t<h3 class=\"qodef-m-title\" style=\"color: #FFFFFF\">\n\t\t\t\t\tHydratation et th\u00e9rapie par la chaleur\t\t\t<\/h3>\n\t<\/div>\n\t\t<\/div>\t\t\t\t<\/div>\n\t\t\t\t<\/div>\n\t\t\t\t<div class=\"elementor-element elementor-element-3291a67 elementor-widget elementor-widget-text-editor\" data-id=\"3291a67\" data-element_type=\"widget\" data-e-type=\"widget\" data-widget_type=\"text-editor.default\">\n\t\t\t\t<div class=\"elementor-widget-container\">\n\t\t\t\t\t\t\t\t\t<p>La cire de paraffine est un mat\u00e9riau polyvalent utilis\u00e9 dans un large \u00e9ventail d'applications, depuis les utilisations industrielles jusqu'aux traitements th\u00e9rapeutiques et cosm\u00e9tiques. Sa capacit\u00e9 \u00e0 fournir une th\u00e9rapie par la chaleur et une hydratation en fait un choix populaire pour l'adoucissement de la peau et le soulagement de la douleur.<\/p>\t\t\t\t\t\t\t\t<\/div>\n\t\t\t\t<\/div>\n\t\t\t\t\t<\/div>\n\t\t<\/div>\n\t\t\t\t<div class=\"elementor-column elementor-col-50 elementor-inner-column elementor-element elementor-element-4e93b1e\" data-id=\"4e93b1e\" data-element_type=\"column\" data-e-type=\"column\">\n\t\t\t<div class=\"elementor-widget-wrap\">\n\t\t\t\t\t\t\t<\/div>\n\t\t<\/div>\n\t\t\t\t\t<\/div>\n\t\t<\/section>\n\t\t\t\t\t<\/div>\n\t\t<\/div>\n\t\t\t\t\t<\/div>\n\t\t<\/section>\n\t\t\t\t<section class=\"elementor-section elementor-top-section elementor-element elementor-element-ff317bc qodef-elementor-content-grid elementor-section-full_width elementor-section-height-default elementor-section-height-default\" data-id=\"ff317bc\" data-element_type=\"section\" data-e-type=\"section\" data-settings=\"{&quot;background_background&quot;:&quot;classic&quot;}\">\n\t\t\t\t\t\t\t<div class=\"elementor-background-overlay\"><\/div>\n\t\t\t\t\t\t\t<div class=\"elementor-container elementor-column-gap-no\">\n\t\t\t\t\t<div class=\"elementor-column elementor-col-50 elementor-top-column elementor-element elementor-element-4db6bb6\" data-id=\"4db6bb6\" data-element_type=\"column\" data-e-type=\"column\">\n\t\t\t<div class=\"elementor-widget-wrap elementor-element-populated\">\n\t\t\t\t\t\t<div class=\"elementor-element elementor-element-61419cd5 elementor-widget elementor-widget-reina_core_pricing_list\" data-id=\"61419cd5\" data-element_type=\"widget\" data-e-type=\"widget\" data-widget_type=\"reina_core_pricing_list.default\">\n\t\t\t\t<div class=\"elementor-widget-container\">\n\t\t\t\t\t<div class=\"qodef-shortcode qodef-m  qodef-pricing-list\">\n\t<div class=\"qodef-m-items\">\n\t\t\t\t\t<div class=\"qodef-m-item qodef-e\">\n\t\t\t\t\t\t\t\t\t\t\t\t<div class=\"qodef-e-content\">\n\t\t\t\t\t<div class=\"qodef-e-heading\">\n\t\t\t\t\t\t\t<h5 class=\"qodef-e-title\">Cire de paraffine<\/h5>\n\t\t\t\t\t\t\t\t\t\t\t<\/div>\n\t\t\t\t\t\t<p class=\"qodef-e-text\">La paraffine est une cire molle qui fond \u00e0 tr\u00e8s basse temp\u00e9rature.  Elle est utilis\u00e9e comme traitement pour adoucir et lisser la peau.  Les bains de paraffine sont \u00e9galement utilis\u00e9s depuis longtemps pour soulager thermiquement diverses affections chroniques (arthrite, diab\u00e8te, bursite, etc.) ainsi que des affections physiques aigu\u00ebs (telles que les blessures sportives). La paraffine existe en diff\u00e9rentes couleurs et parfums.<\/p>\n\t\t\t\t<\/div>\n\t\t\t<\/div>\n\t\t\t\t\t<div class=\"qodef-m-item qodef-e\">\n\t\t\t\t\t\t\t\t\t\t\t\t<div class=\"qodef-e-content\">\n\t\t\t\t\t<div class=\"qodef-e-heading\">\n\t\t\t\t\t\t\t<h5 class=\"qodef-e-title\">Composition et source :<\/h5>\n\t\t\t\t\t\t\t\t\t\t\t<\/div>\n\t\t\t\t\t\t<p class=\"qodef-e-text\">Hydrocarbures : La cire de paraffine se compose principalement d'hydrocarbures satur\u00e9s. C'est un sous-produit du processus de raffinage du p\u00e9trole.\n\u00c9tat solide : \u00c0 temp\u00e9rature ambiante, la paraffine est solide, mais elle peut \u00eatre facilement fondue sous forme liquide pour diverses utilisations.<\/p>\n\t\t\t\t<\/div>\n\t\t\t<\/div>\n\t\t\t\t\t<div class=\"qodef-m-item qodef-e\">\n\t\t\t\t\t\t\t\t\t\t\t\t<div class=\"qodef-e-content\">\n\t\t\t\t\t<div class=\"qodef-e-heading\">\n\t\t\t\t\t\t\t<h5 class=\"qodef-e-title\">Avantages th\u00e9rapeutiques<\/h5>\n\t\t\t\t\t\t\t\t\t\t\t<\/div>\n\t\t\t\t\t\t<p class=\"qodef-e-text\">Hydratation : Lorsqu'elle est appliqu\u00e9e sur la peau, la paraffine cr\u00e9e une barri\u00e8re qui aide \u00e0 retenir l'humidit\u00e9, ce qui en fait un traitement efficace pour les peaux s\u00e8ches et craquel\u00e9es.\nTh\u00e9rapie par la chaleur : La chaleur de la cire fondue peut aider \u00e0 soulager les muscles et les articulations douloureux, ce qui la rend b\u00e9n\u00e9fique pour les personnes souffrant d'arthrite ou d'autres affections rhumatismales. Elle augmente la circulation sanguine et d\u00e9tend les muscles, ce qui soulage la douleur et am\u00e9liore la souplesse.\nExfoliation : L'application et le retrait de la cire de paraffine peuvent contribuer \u00e0 l'exfoliation des cellules mortes, rendant la peau plus lisse et plus douce.<\/p>\n\t\t\t\t<\/div>\n\t\t\t<\/div>\n\t\t\t<\/div>\n<\/div>\n\t\t\t\t<\/div>\n\t\t\t\t<\/div>\n\t\t\t\t\t<\/div>\n\t\t<\/div>\n\t\t\t\t<div class=\"elementor-column elementor-col-50 elementor-top-column elementor-element elementor-element-3d506eb3\" data-id=\"3d506eb3\" data-element_type=\"column\" data-e-type=\"column\">\n\t\t\t<div class=\"elementor-widget-wrap elementor-element-populated\">\n\t\t\t\t\t\t<div class=\"elementor-element elementor-element-76313b26 elementor-widget elementor-widget-reina_core_pricing_list\" data-id=\"76313b26\" data-element_type=\"widget\" data-e-type=\"widget\" data-widget_type=\"reina_core_pricing_list.default\">\n\t\t\t\t<div class=\"elementor-widget-container\">\n\t\t\t\t\t<div class=\"qodef-shortcode qodef-m  qodef-pricing-list\">\n\t<div class=\"qodef-m-items\">\n\t\t\t\t\t<div class=\"qodef-m-item qodef-e\">\n\t\t\t\t\t\t\t\t\t\t\t\t<div class=\"qodef-e-content\">\n\t\t\t\t\t<div class=\"qodef-e-heading\">\n\t\t\t\t\t\t\t<h5 class=\"qodef-e-title\">Nos formats<\/h5>\n\t\t\t\t\t\t\t\t\t\t\t<\/div>\n\t\t\t\t\t\t<p class=\"qodef-e-text\">Disponible en lavande, rose, vanille, p\u00eache, citron<\/p>\n\t\t\t\t<\/div>\n\t\t\t<\/div>\n\t\t\t<\/div>\n<\/div>\n\t\t\t\t<\/div>\n\t\t\t\t<\/div>\n\t\t\t\t<div class=\"elementor-element elementor-element-3aea8de elementor-widget elementor-widget-image\" data-id=\"3aea8de\" data-element_type=\"widget\" data-e-type=\"widget\" data-widget_type=\"image.default\">\n\t\t\t\t<div class=\"elementor-widget-container\">\n\t\t\t\t\t\t\t\t\t\t\t\t\t\t\t<img fetchpriority=\"high\" decoding=\"async\" width=\"732\" height=\"549\" src=\"https:\/\/mitilias.com\/wp-content\/uploads\/2024\/06\/6252-paraffin_wax_bowl-732x549-thumbnail.jpg.avif\" class=\"attachment-large size-large wp-image-17672\" alt=\"\" srcset=\"https:\/\/mitilias.com\/wp-content\/uploads\/2024\/06\/6252-paraffin_wax_bowl-732x549-thumbnail.jpg.avif 732w, https:\/\/mitilias.com\/wp-content\/uploads\/2024\/06\/6252-paraffin_wax_bowl-732x549-thumbnail.jpg-300x225.avif 300w\" sizes=\"(max-width: 732px) 100vw, 732px\" \/>\t\t\t\t\t\t\t\t\t\t\t\t\t\t\t<\/div>\n\t\t\t\t<\/div>\n\t\t\t\t\t<\/div>\n\t\t<\/div>\n\t\t\t\t\t<\/div>\n\t\t<\/section>\n\t\t\t\t<section class=\"elementor-section elementor-top-section elementor-element elementor-element-3bdb7f59 qodef-elementor-content-grid elementor-section-boxed elementor-section-height-default elementor-section-height-default\" data-id=\"3bdb7f59\" data-element_type=\"section\" data-e-type=\"section\">\n\t\t\t\t\t\t<div class=\"elementor-container elementor-column-gap-default\">\n\t\t\t\t\t<div class=\"elementor-column elementor-col-100 elementor-top-column elementor-element elementor-element-b54499c\" data-id=\"b54499c\" data-element_type=\"column\" data-e-type=\"column\">\n\t\t\t<div class=\"elementor-widget-wrap elementor-element-populated\">\n\t\t\t\t\t\t<div class=\"elementor-element elementor-element-32c2f4b elementor-widget elementor-widget-reina_core_section_title\" data-id=\"32c2f4b\" data-element_type=\"widget\" data-e-type=\"widget\" data-widget_type=\"reina_core_section_title.default\">\n\t\t\t\t<div class=\"elementor-widget-container\">\n\t\t\t\t\t<div class=\"qodef-shortcode qodef-m  qodef-section-title\">\n\t<div class=\"qodef-m-heading\">\n\t\t\t\t\t<h4 class=\"qodef-m-title\" >\n\t\t\t\t\tContactez nous\t\t\t<\/h4>\n\t<\/div>\n\t\t<\/div>\t\t\t\t<\/div>\n\t\t\t\t<\/div>\n\t\t\t\t<div class=\"elementor-element elementor-element-75eaf0b elementor-widget elementor-widget-wp-widget-reina_core_contact_form_7\" data-id=\"75eaf0b\" data-element_type=\"widget\" data-e-type=\"widget\" data-widget_type=\"wp-widget-reina_core_contact_form_7.default\">\n\t\t\t\t<div class=\"elementor-widget-container\">\n\t\t\t\t\t\t\t\t<div class=\"qodef-contact-form-7\">\n\t\t\t\t\n<div class=\"wpcf7 no-js\" id=\"wpcf7-f3812-o1\" lang=\"en-US\" dir=\"ltr\" data-wpcf7-id=\"3812\">\n<div class=\"screen-reader-response\"><p role=\"status\" aria-live=\"polite\" aria-atomic=\"true\"><\/p> <ul><\/ul><\/div>\n<form action=\"\/fr\/wp-json\/wp\/v2\/pages\/17641#wpcf7-f3812-o1\" method=\"post\" class=\"wpcf7-form init\" aria-label=\"Contact form\" novalidate=\"novalidate\" data-status=\"init\" data-trp-original-action=\"\/fr\/wp-json\/wp\/v2\/pages\/17641#wpcf7-f3812-o1\">\n<fieldset class=\"hidden-fields-container\"><input type=\"hidden\" name=\"_wpcf7\" value=\"3812\" \/><input type=\"hidden\" name=\"_wpcf7_version\" value=\"6.1.5\" \/><input type=\"hidden\" name=\"_wpcf7_locale\" value=\"en_US\" \/><input type=\"hidden\" name=\"_wpcf7_unit_tag\" value=\"wpcf7-f3812-o1\" \/><input type=\"hidden\" name=\"_wpcf7_container_post\" value=\"0\" \/><input type=\"hidden\" name=\"_wpcf7_posted_data_hash\" value=\"\" \/>\n<\/fieldset>\n<div class=\"qodef-contact-form\">\n<span class=\"wpcf7-form-control-wrap\" data-name=\"your-message\"><textarea cols=\"10\" rows=\"6\" maxlength=\"2000\" class=\"wpcf7-form-control wpcf7-textarea wpcf7-validates-as-required\" aria-required=\"true\" aria-invalid=\"false\" placeholder=\"Message\" name=\"your-message\"><\/textarea><\/span>\n<div class=\"qodef-cf-row\">\n<span class=\"wpcf7-form-control-wrap\" data-name=\"your-name\"><input size=\"40\" maxlength=\"400\" class=\"wpcf7-form-control wpcf7-text wpcf7-validates-as-required\" aria-required=\"true\" aria-invalid=\"false\" placeholder=\"Nom\" value=\"\" type=\"text\" name=\"your-name\" \/><\/span>\n<span class=\"wpcf7-form-control-wrap\" data-name=\"your-email\"><input size=\"40\" maxlength=\"400\" class=\"wpcf7-form-control wpcf7-email wpcf7-validates-as-required wpcf7-text wpcf7-validates-as-email\" aria-required=\"true\" aria-invalid=\"false\" placeholder=\"Adresse courriel\" value=\"\" type=\"email\" name=\"your-email\" \/><\/span>\n<\/div>\n<button class=\"wpcf7-form-control wpcf7-submit qodef-button qodef-size--normal qodef-type--filled qodef-m\" type=\"submit\"><span class=\"qodef-m-text\">Envoyer<\/span><span class=\"qodef-m-background\"><\/span><\/button>\n<\/div><p style=\"display: none !important;\" class=\"akismet-fields-container\" data-prefix=\"_wpcf7_ak_\"><label>&#916;<textarea name=\"_wpcf7_ak_hp_textarea\" cols=\"45\" rows=\"8\" maxlength=\"100\"><\/textarea><\/label><input type=\"hidden\" id=\"ak_js_1\" name=\"_wpcf7_ak_js\" value=\"211\"\/><script>document.getElementById( \"ak_js_1\" ).setAttribute( \"value\", ( new Date() ).getTime() );<\/script><\/p><div class=\"wpcf7-response-output\" aria-hidden=\"true\"><\/div>\n<input type=\"hidden\" name=\"trp-form-language\" value=\"fr\"\/><\/form>\n<\/div>\n\t\t\t<\/div>\n\t\t\t\t\t\t\t<\/div>\n\t\t\t\t<\/div>\n\t\t\t\t\t<\/div>\n\t\t<\/div>\n\t\t\t\t\t<\/div>\n\t\t<\/section>\n\t\t\t\t<\/div>","protected":false},"excerpt":{"rendered":"<p>Paraffin Wax Paraffin wax is a soft, colorless or white wax made from saturated hydrocarbons. It is derived from petroleum through a process called refining, where the crude oil is separated into various components. Moisturization &amp; Heat Therapy Paraffin wax is a versatile material used in a wide range of applications from industrial uses to [&hellip;]<\/p>\n","protected":false},"author":1,"featured_media":0,"parent":0,"menu_order":0,"comment_status":"closed","ping_status":"closed","template":"page-full-width.php","meta":{"footnotes":""},"class_list":["post-17641","page","type-page","status-publish","hentry"],"_links":{"self":[{"href":"https:\/\/mitilias.com\/fr\/wp-json\/wp\/v2\/pages\/17641","targetHints":{"allow":["GET"]}}],"collection":[{"href":"https:\/\/mitilias.com\/fr\/wp-json\/wp\/v2\/pages"}],"about":[{"href":"https:\/\/mitilias.com\/fr\/wp-json\/wp\/v2\/types\/page"}],"author":[{"embeddable":true,"href":"https:\/\/mitilias.com\/fr\/wp-json\/wp\/v2\/users\/1"}],"replies":[{"embeddable":true,"href":"https:\/\/mitilias.com\/fr\/wp-json\/wp\/v2\/comments?post=17641"}],"version-history":[{"count":10,"href":"https:\/\/mitilias.com\/fr\/wp-json\/wp\/v2\/pages\/17641\/revisions"}],"predecessor-version":[{"id":17790,"href":"https:\/\/mitilias.com\/fr\/wp-json\/wp\/v2\/pages\/17641\/revisions\/17790"}],"wp:attachment":[{"href":"https:\/\/mitilias.com\/fr\/wp-json\/wp\/v2\/media?parent=17641"}],"curies":[{"name":"wp","href":"https:\/\/api.w.org\/{rel}","templated":true}]}}