{"id":5853,"date":"2020-10-12T10:47:13","date_gmt":"2020-10-12T10:47:13","guid":{"rendered":"https:\/\/reina.qodeinteractive.com\/?page_id=5853"},"modified":"2024-06-14T15:19:47","modified_gmt":"2024-06-14T15:19:47","slug":"about-us","status":"publish","type":"page","link":"https:\/\/mitilias.com\/fr\/about-us\/","title":{"rendered":"\u00c0 propos"},"content":{"rendered":"<div data-elementor-type=\"wp-page\" data-elementor-id=\"5853\" class=\"elementor elementor-5853\">\n\t\t\t\t\t\t<section class=\"elementor-section elementor-top-section elementor-element elementor-element-7093f4d qodef-elementor-content-grid elementor-section-boxed elementor-section-height-default elementor-section-height-default\" data-id=\"7093f4d\" data-element_type=\"section\" data-e-type=\"section\">\n\t\t\t\t\t\t<div class=\"elementor-container elementor-column-gap-default\">\n\t\t\t\t\t<div class=\"elementor-column elementor-col-100 elementor-top-column elementor-element elementor-element-c710fcc\" data-id=\"c710fcc\" data-element_type=\"column\" data-e-type=\"column\">\n\t\t\t<div class=\"elementor-widget-wrap elementor-element-populated\">\n\t\t\t\t\t\t<div class=\"elementor-element elementor-element-ed5a3eb elementor-widget elementor-widget-reina_core_section_title\" data-id=\"ed5a3eb\" data-element_type=\"widget\" data-e-type=\"widget\" data-widget_type=\"reina_core_section_title.default\">\n\t\t\t\t<div class=\"elementor-widget-container\">\n\t\t\t\t\t<div class=\"qodef-shortcode qodef-m  qodef-section-title\">\n\t<div class=\"qodef-m-heading\">\n\t\t\t\t\t<h1 class=\"qodef-m-title\" >\n\t\t\t\t\tBienvenue \u00e0 Mitilias\t\t\t<\/h1>\n\t<\/div>\n\t\t<p class=\"qodef-m-text\" style=\"margin-top: 17px\">\nDepuis 1991, Produits Mitilias Inc. est une entreprise familiale qui se consacre \u00e0 l'\u00e9laboration de solutions cosm\u00e9tiques, en se sp\u00e9cialisant dans la cire \u00e0 \u00e9piler. Situ\u00e9e \u00e0 Pierrefonds, au Qu\u00e9bec, sur l'\u00eele de Montr\u00e9al, nous avons forg\u00e9 des partenariats durables avec des distributeurs \u00e0 travers le Canada et les \u00c9tats-Unis, soutenant leurs efforts en mati\u00e8re de cire de marque priv\u00e9e avec des offres de premier ordre adapt\u00e9es aux diverses demandes des clients.\n\nReconnu comme l'un des principaux fabricants de cire \u00e0 \u00e9piler, Produits Mitilias doit son excellente r\u00e9putation et sa long\u00e9vit\u00e9 \u00e0 l'acclamation retentissante de clients satisfaits depuis 33 ans. D\u00e9termin\u00e9s \u00e0 entretenir notre client\u00e8le fid\u00e8le et \u00e0 \u00e9tendre notre r\u00e9seau de distributeurs \u00e0 travers l'Am\u00e9rique du Nord, nous sommes pr\u00eats \u00e0 proposer des solutions d'\u00e9pilation sur mesure pour r\u00e9pondre \u00e0 tous les besoins.\n\nVous pouvez choisir de mettre nos produits exceptionnels sous votre marque ou d'opter pour notre propre ligne \"Coquette\". Unissons-nous pour favoriser la croissance de votre entreprise de distribution.<\/p>\n\t<\/div>\t\t\t\t<\/div>\n\t\t\t\t<\/div>\n\t\t\t\t\t<\/div>\n\t\t<\/div>\n\t\t\t\t\t<\/div>\n\t\t<\/section>\n\t\t\t\t<section class=\"elementor-section elementor-top-section elementor-element elementor-element-4f1f4bb elementor-section-full_width elementor-section-height-default elementor-section-height-default qodef-elementor-content-no\" data-id=\"4f1f4bb\" data-element_type=\"section\" data-e-type=\"section\">\n\t\t\t\t\t\t<div class=\"elementor-container elementor-column-gap-default\">\n\t\t\t\t\t<div class=\"elementor-column elementor-col-25 elementor-top-column elementor-element elementor-element-4666f94\" data-id=\"4666f94\" data-element_type=\"column\" data-e-type=\"column\">\n\t\t\t<div class=\"elementor-widget-wrap\">\n\t\t\t\t\t\t\t<\/div>\n\t\t<\/div>\n\t\t\t\t<div class=\"elementor-column elementor-col-25 elementor-top-column elementor-element elementor-element-b78fa76\" data-id=\"b78fa76\" data-element_type=\"column\" data-e-type=\"column\">\n\t\t\t<div class=\"elementor-widget-wrap\">\n\t\t\t\t\t\t\t<\/div>\n\t\t<\/div>\n\t\t\t\t<div class=\"elementor-column elementor-col-25 elementor-top-column elementor-element elementor-element-2867408\" data-id=\"2867408\" data-element_type=\"column\" data-e-type=\"column\">\n\t\t\t<div class=\"elementor-widget-wrap\">\n\t\t\t\t\t\t\t<\/div>\n\t\t<\/div>\n\t\t\t\t<div class=\"elementor-column elementor-col-25 elementor-top-column elementor-element elementor-element-2dd7b04\" data-id=\"2dd7b04\" data-element_type=\"column\" data-e-type=\"column\">\n\t\t\t<div class=\"elementor-widget-wrap elementor-element-populated\">\n\t\t\t\t\t\t\t<\/div>\n\t\t<\/div>\n\t\t\t\t\t<\/div>\n\t\t<\/section>\n\t\t\t\t<section class=\"elementor-section elementor-top-section elementor-element elementor-element-00eb8df qodef-elementor-content-grid qodef-extended-grid qodef-extended-grid--left qodef-extended-grid-reset--1024 qodef-custom-side-padding  elementor-section-boxed elementor-section-height-default elementor-section-height-default\" data-id=\"00eb8df\" data-element_type=\"section\" data-e-type=\"section\">\n\t\t\t\t\t\t<div class=\"elementor-container elementor-column-gap-default\">\n\t\t\t\t\t<div class=\"elementor-column elementor-col-100 elementor-top-column elementor-element elementor-element-3523b4c\" data-id=\"3523b4c\" data-element_type=\"column\" data-e-type=\"column\">\n\t\t\t<div class=\"elementor-widget-wrap elementor-element-populated\">\n\t\t\t\t\t\t<div class=\"elementor-element elementor-element-5e63c6d elementor-widget elementor-widget-reina_core_image_section_info\" data-id=\"5e63c6d\" data-element_type=\"widget\" data-e-type=\"widget\" data-widget_type=\"reina_core_image_section_info.default\">\n\t\t\t\t<div class=\"elementor-widget-container\">\n\t\t\t\t\t<div class=\"qodef-shortcode qodef-m  qodef-image-section-info qodef-layout--standard  qodef--has-appear\">\n\t<div class=\"qodef-m-inner clear\">\n\t\t\n<div class=\"qodef-m-image\" >\n\t<img fetchpriority=\"high\" decoding=\"async\" width=\"1200\" height=\"900\" src=\"https:\/\/mitilias.com\/wp-content\/uploads\/2024\/06\/Mtilias-About-Us.png\" class=\"attachment-full size-full\" alt=\"\" srcset=\"https:\/\/mitilias.com\/wp-content\/uploads\/2024\/06\/Mtilias-About-Us.png 1200w, https:\/\/mitilias.com\/wp-content\/uploads\/2024\/06\/Mtilias-About-Us-300x225.png 300w, https:\/\/mitilias.com\/wp-content\/uploads\/2024\/06\/Mtilias-About-Us-1024x768.png 1024w, https:\/\/mitilias.com\/wp-content\/uploads\/2024\/06\/Mtilias-About-Us-768x576.png 768w\" sizes=\"(max-width: 1200px) 100vw, 1200px\" \/><\/div>\n\t\t<div class=\"qodef-m-content\">\n\t\t\t\t\t\t<div class=\"qodef-m-heading\">\n\t\t\t\t\t<span class=\"qodef-m-subtitle qodef-h7\" style=\"color: #B0B8BB\">inoubliable<\/span>\n\t\t\t\t\t<h2 class=\"qodef-m-title\" style=\"color: #415962\">Marque priv\u00e9e<\/h2>\n\t\t\t<\/div>\n\t\t\t\t<div class=\"qodef-m-text\" style=\"margin-top: 13px;color: #818181\">Faites \u00e9quipe avec nous et d\u00e9couvrez les avantages d'une collaboration avec un fabricant de cire \u00e0 \u00e9piler de premier plan. Du concept \u00e0 la cr\u00e9ation, nous sommes l\u00e0 pour transformer votre vision en r\u00e9alit\u00e9 et \u00e9lever votre marque \u00e0 de nouveaux sommets. Lib\u00e9rez le potentiel des produits d'\u00e9pilation sous marque de distributeur avec Mitilias.<\/div>\n\n\n\t\t\t\t<div class=\"qodef-m-button\">\n\t\t<a class=\"qodef-shortcode qodef-m  qodef-button qodef-layout--filled qodef-size--large qodef-html--link\" href=\"http:\/\/mitilias.com\/fr\/contact-us\/\" target=\"_self\" data-hover-color=\"#FFFFFF\" style=\"color: #FFFFFF;background-color: #0069AF\">\t<span class=\"qodef-m-text\">Contactez-Nous<\/span>\t<span class=\"qodef-m-background\" style=\"color: #6B9DCC\"><\/span><\/a>\t<\/div>\n\t\t<\/div>\n\t<\/div>\n<\/div>\n\t\t\t\t<\/div>\n\t\t\t\t<\/div>\n\t\t\t\t\t<\/div>\n\t\t<\/div>\n\t\t\t\t\t<\/div>\n\t\t<\/section>\n\t\t\t\t<section class=\"elementor-section elementor-top-section elementor-element elementor-element-7a075d4 qodef-elementor-content-grid qodef-extended-grid qodef-extended-grid--right qodef-extended-grid-reset--1024 qodef-custom-side-padding  elementor-section-full_width elementor-hidden-desktop elementor-hidden-tablet elementor-hidden-mobile elementor-section-height-default elementor-section-height-default\" data-id=\"7a075d4\" data-element_type=\"section\" data-e-type=\"section\">\n\t\t\t\t\t\t<div class=\"elementor-container elementor-column-gap-default\">\n\t\t\t\t\t<div class=\"elementor-column elementor-col-100 elementor-top-column elementor-element elementor-element-2c14adc\" data-id=\"2c14adc\" data-element_type=\"column\" data-e-type=\"column\">\n\t\t\t<div class=\"elementor-widget-wrap elementor-element-populated\">\n\t\t\t\t\t\t<div class=\"elementor-element elementor-element-d4b9ef0 elementor-widget elementor-widget-reina_core_image_section_info\" data-id=\"d4b9ef0\" data-element_type=\"widget\" data-e-type=\"widget\" data-widget_type=\"reina_core_image_section_info.default\">\n\t\t\t\t<div class=\"elementor-widget-container\">\n\t\t\t\t\t<div class=\"qodef-shortcode qodef-m  qodef-image-section-info qodef-layout--standard qodef--left qodef--has-appear\">\n\t<div class=\"qodef-m-inner clear\">\n\t\t\n<div class=\"qodef-m-image\" >\n\t<img decoding=\"async\" width=\"1300\" height=\"729\" src=\"https:\/\/mitilias.com\/wp-content\/uploads\/2020\/10\/about-us-img-2.jpg\" class=\"attachment-full size-full\" alt=\"s\" srcset=\"https:\/\/mitilias.com\/wp-content\/uploads\/2020\/10\/about-us-img-2.jpg 1300w, https:\/\/mitilias.com\/wp-content\/uploads\/2020\/10\/about-us-img-2-600x336.jpg 600w, https:\/\/mitilias.com\/wp-content\/uploads\/2020\/10\/about-us-img-2-300x168.jpg 300w, https:\/\/mitilias.com\/wp-content\/uploads\/2020\/10\/about-us-img-2-1024x574.jpg 1024w, https:\/\/mitilias.com\/wp-content\/uploads\/2020\/10\/about-us-img-2-768x431.jpg 768w\" sizes=\"(max-width: 1300px) 100vw, 1300px\" \/><\/div>\n\t\t<div class=\"qodef-m-content\">\n\t\t\t\t\t\t<div class=\"qodef-m-heading\">\n\t\t\t\t\t<span class=\"qodef-m-subtitle qodef-h7\" style=\"color: #B0B8BB\">inoubliable<\/span>\n\t\t\t\t\t<h2 class=\"qodef-m-title\" style=\"color: #415962\">Spa center<\/h2>\n\t\t\t<\/div>\n\t\t\t\t<div class=\"qodef-m-text\" style=\"margin-top: 13px;color: #818181\">Lorem ipsum dolor sit amet, usu at dico aeque. Ad omnis dicit dolores, pri ne tation consul consequuntur. Per sum possit detracto percipit. At his habemus albucius corpora euripidis, quo oratio volumus detracto omittantur cu vim.\n<ul style=\"margin-top: 18px\">\n<li> Minim vitae quaerendum <\/li>\n<li>  Sit no suscipit pertinacia <\/li>\n<li> Ius tollit periculis veritus <\/li>\n<\/ul>\n\n<\/div>\n\n\n\t\t\t\t\t<\/div>\n\t<\/div>\n<\/div>\n\t\t\t\t<\/div>\n\t\t\t\t<\/div>\n\t\t\t\t\t<\/div>\n\t\t<\/div>\n\t\t\t\t\t<\/div>\n\t\t<\/section>\n\t\t\t\t<section class=\"elementor-section elementor-top-section elementor-element elementor-element-b862da0 elementor-section-full_width elementor-section-height-default elementor-section-height-default qodef-elementor-content-no\" data-id=\"b862da0\" data-element_type=\"section\" data-e-type=\"section\">\n\t\t\t\t\t\t<div class=\"elementor-container elementor-column-gap-default\">\n\t\t\t\t\t<div class=\"elementor-column elementor-col-25 elementor-top-column elementor-element elementor-element-69f7d55\" data-id=\"69f7d55\" data-element_type=\"column\" data-e-type=\"column\">\n\t\t\t<div class=\"elementor-widget-wrap\">\n\t\t\t\t\t\t\t<\/div>\n\t\t<\/div>\n\t\t\t\t<div class=\"elementor-column elementor-col-25 elementor-top-column elementor-element elementor-element-02e322f\" data-id=\"02e322f\" data-element_type=\"column\" data-e-type=\"column\">\n\t\t\t<div class=\"elementor-widget-wrap\">\n\t\t\t\t\t\t\t<\/div>\n\t\t<\/div>\n\t\t\t\t<div class=\"elementor-column elementor-col-25 elementor-top-column elementor-element elementor-element-ac4904e\" data-id=\"ac4904e\" data-element_type=\"column\" data-e-type=\"column\">\n\t\t\t<div class=\"elementor-widget-wrap\">\n\t\t\t\t\t\t\t<\/div>\n\t\t<\/div>\n\t\t\t\t<div class=\"elementor-column elementor-col-25 elementor-top-column elementor-element elementor-element-0d9b90d\" data-id=\"0d9b90d\" data-element_type=\"column\" data-e-type=\"column\">\n\t\t\t<div class=\"elementor-widget-wrap elementor-element-populated\">\n\t\t\t\t\t\t\t<\/div>\n\t\t<\/div>\n\t\t\t\t\t<\/div>\n\t\t<\/section>\n\t\t\t\t<\/div>","protected":false},"excerpt":{"rendered":"<p>Welcome to Militias Since 1991, Mitilias Products Inc. has been a family-owned enterprise dedicated to crafting cosmetic solutions, specializing in depilatory wax. Situated in Pierrefonds, QC, on the island of Montreal, we&#039;ve forged enduring partnerships with distributors across Canada and the United States, bolstering their private label wax endeavors with top-tier offerings tailored to diverse [&hellip;]<\/p>\n","protected":false},"author":1,"featured_media":0,"parent":0,"menu_order":0,"comment_status":"closed","ping_status":"closed","template":"page-full-width.php","meta":{"footnotes":""},"class_list":["post-5853","page","type-page","status-publish","hentry"],"_links":{"self":[{"href":"https:\/\/mitilias.com\/fr\/wp-json\/wp\/v2\/pages\/5853","targetHints":{"allow":["GET"]}}],"collection":[{"href":"https:\/\/mitilias.com\/fr\/wp-json\/wp\/v2\/pages"}],"about":[{"href":"https:\/\/mitilias.com\/fr\/wp-json\/wp\/v2\/types\/page"}],"author":[{"embeddable":true,"href":"https:\/\/mitilias.com\/fr\/wp-json\/wp\/v2\/users\/1"}],"replies":[{"embeddable":true,"href":"https:\/\/mitilias.com\/fr\/wp-json\/wp\/v2\/comments?post=5853"}],"version-history":[{"count":34,"href":"https:\/\/mitilias.com\/fr\/wp-json\/wp\/v2\/pages\/5853\/revisions"}],"predecessor-version":[{"id":17838,"href":"https:\/\/mitilias.com\/fr\/wp-json\/wp\/v2\/pages\/5853\/revisions\/17838"}],"wp:attachment":[{"href":"https:\/\/mitilias.com\/fr\/wp-json\/wp\/v2\/media?parent=5853"}],"curies":[{"name":"wp","href":"https:\/\/api.w.org\/{rel}","templated":true}]}}